{"id":362,"date":"2020-03-09T14:24:26","date_gmt":"2020-03-09T13:24:26","guid":{"rendered":"http:\/\/las-croux.fr\/?page_id=362"},"modified":"2025-01-20T12:24:17","modified_gmt":"2025-01-20T11:24:17","slug":"visite","status":"publish","type":"page","link":"https:\/\/las-croux.fr\/?page_id=362","title":{"rendered":"VisiteS"},"content":{"rendered":"<p>[vc_row css_animation=\u00a0\u00bb\u00a0\u00bb row_type=\u00a0\u00bbrow\u00a0\u00bb use_row_as_full_screen_section=\u00a0\u00bbno\u00a0\u00bb type=\u00a0\u00bbgrid\u00a0\u00bb angled_section=\u00a0\u00bbno\u00a0\u00bb text_align=\u00a0\u00bbleft\u00a0\u00bb background_image_as_pattern=\u00a0\u00bbwithout_pattern\u00a0\u00bb z_index=\u00a0\u00bb\u00a0\u00bb css=\u00a0\u00bb.vc_custom_1583761724885{padding-top: 92px !important;}\u00a0\u00bb][vc_column offset=\u00a0\u00bbvc_col-lg-4 vc_col-md-12&Prime;][vc_single_image image=\u00a0\u00bb378&Prime; img_size=\u00a0\u00bbfull\u00a0\u00bb qode_css_animation=\u00a0\u00bb\u00a0\u00bb][\/vc_column][vc_column offset=\u00a0\u00bbvc_col-lg-4 vc_col-md-12&Prime;][vc_empty_space height=\u00a0\u00bb40px\u00a0\u00bb][vc_single_image image=\u00a0\u00bb381&Prime; img_size=\u00a0\u00bbfull\u00a0\u00bb qode_css_animation=\u00a0\u00bb\u00a0\u00bb][\/vc_column][vc_column offset=\u00a0\u00bbvc_col-lg-4 vc_col-md-12&Prime;][vc_empty_space height=\u00a0\u00bb92px\u00a0\u00bb][vc_column_text]<\/p>\n<h1>Dates d&rsquo;ouverture<\/h1>\n<h1>et tarifs<\/h1>\n<p>[\/vc_column_text][vc_empty_space height=\u00a0\u00bb12px\u00a0\u00bb][vc_separator type=\u00a0\u00bbsmall\u00a0\u00bb position=\u00a0\u00bbleft\u00a0\u00bb color=\u00a0\u00bb#000000&Prime; transparency=\u00a0\u00bb1&Prime; thickness=\u00a0\u00bb1&Prime; width=\u00a0\u00bb91&Prime;][vc_empty_space height=\u00a0\u00bb15px\u00a0\u00bb][vc_column_text]<\/p>\n<p class=\"p1\"><em>Du <strong>6 juillet 2025 <\/strong>au<strong> 15 ao\u00fbt 2025<\/strong> <\/em><\/p>\n<p class=\"p1\"><em>de <strong>10h30 \u00e0 12h30<\/strong> et de <strong>14h30 \u00e0 18h30<\/strong>.<\/em><\/p>\n<p>&nbsp;<\/p>\n<p><em>Pique nique XIX\u00e8me si\u00e8cle les <strong>19 juillet et le 10 ao\u00fbt de 12h30 \u00e0 14h30.<\/strong><\/em>[\/vc_column_text]<div class='service_table_holder'><ul class='service_table_inner'><li class='service_table_title_holder background_color_type' style=''><div class='service_table_title_inner'><div class='service_table_title_inner2'><\/div><\/div><\/li><li class='service_table_content' style='background-color: #487682;'><\/p>\n<ul>\n<li>\n<p class=\"p1\"><span style=\"color: #ffffff;\"><em>Parc seul: 5\u20ac \/ personne<\/em><\/span><\/p>\n<\/li>\n<li>\n<p class=\"p1\"><span style=\"color: #ffffff;\"><em>Parc et ch\u00e2teau: 8\u20ac \/ personne<\/em><\/span><\/p>\n<\/li>\n<li>\n<p class=\"p1\"><span style=\"color: #ffffff;\"><em>Gratuit pour les enfant de -12ans<\/em><\/span><\/p>\n<\/li>\n<li>\n<p class=\"p1\"><span style=\"color: #ffffff;\"><em>Les groupes: m\u00eames tarifs <\/em><\/span><\/p>\n<\/li>\n<\/ul>\n<p><\/li><\/ul><\/div>[vc_empty_space]<a  itemprop=\"url\" href=\"https:\/\/patrivia.net\/visit\/chateau-de-las-croux;tracking=kJww1KAmODrXx9EKskN0wIKWGv21hJDT\" target=\"_self\" data-hover-background-color='#5aa0a8' data-hover-border-color='#5aa0a8' data-hover-color='#ffffff' class=\"qbutton  small center default\" style=\"color: #487682; border-color: #487682; font-style: italic; font-weight: 300; font-family: georgia; text-transform: none; font-size: 14px; border-radius: 4px;-moz-border-radius: 4px;-webkit-border-radius: 4px; background-color: #ffffff;\">R\u00e9server sur Patrivia<\/a>[\/vc_column][\/vc_row][vc_row css_animation=\u00a0\u00bb\u00a0\u00bb row_type=\u00a0\u00bbrow\u00a0\u00bb use_row_as_full_screen_section=\u00a0\u00bbno\u00a0\u00bb type=\u00a0\u00bbgrid\u00a0\u00bb angled_section=\u00a0\u00bbno\u00a0\u00bb text_align=\u00a0\u00bbleft\u00a0\u00bb background_image_as_pattern=\u00a0\u00bbwithout_pattern\u00a0\u00bb z_index=\u00a0\u00bb\u00a0\u00bb css=\u00a0\u00bb.vc_custom_1583761953636{padding-top: 72px !important;padding-bottom: 63px !important;}\u00a0\u00bb][vc_column width=\u00a0\u00bb4\/5&Prime; offset=\u00a0\u00bbvc_col-lg-8 vc_col-md-12&Prime;][vc_column_text]<\/p>\n<h1>La visite romantique<\/h1>\n<p>[\/vc_column_text][vc_empty_space height=\u00a0\u00bb12px\u00a0\u00bb][vc_separator type=\u00a0\u00bbsmall\u00a0\u00bb position=\u00a0\u00bbleft\u00a0\u00bb color=\u00a0\u00bb#000000&Prime; transparency=\u00a0\u00bb1&Prime; thickness=\u00a0\u00bb1&Prime; width=\u00a0\u00bb91&Prime;][vc_empty_space height=\u00a0\u00bb15px\u00a0\u00bb][vc_column_text]<\/p>\n<p class=\"p1\"><em>La visite commence par le passage des <b>tourelles, <\/b>porterie n\u00e9ogothique ouvrant sur une all\u00e9e droite de 500 m\u00e8tres, bord\u00e9e d&rsquo;arbres centenaires (marronniers). Apr\u00e8s quelques pas et sur votre droite, une <b>orangerie<\/b> avec sa serre attenante est visible.<\/em><\/p>\n<p class=\"p1\"><em>Elle<span class=\"Apple-converted-space\">\u00a0 <\/span>est situ\u00e9e au fond de l&rsquo;ancien potager.<\/em><\/p>\n<p>&nbsp;<\/p>\n<p class=\"p1\"><em>En continuant dans l&rsquo;all\u00e9e principale, le parc se d\u00e9couvre avec des pelouses l\u00e9g\u00e8rement vallonn\u00e9es, des arbres s\u00e9culaires et rares (<b>S\u00e9quoia, Tulipier de Virgine<\/b>), des all\u00e9es ombrag\u00e9es et des massifs vari\u00e9s (bambous, rhododendrons).<\/em><\/p>\n<p>&nbsp;<\/p>\n<p class=\"p1\"><em>Ensuite, un pavillon n\u00e9oclassique appara\u00eet sur la gauche et, enfin, le <b>ch\u00e2teau<\/b> se d\u00e9couvre dominant l&rsquo;ensemble du parc. Sa construction date du XIX\u00e8me si\u00e8cle et sa toiture rappelle le style Louis XIII.<\/em><\/p>\n<p class=\"p1\"><em>Tout pr\u00e8s, les ruines l&rsquo;ancien ch\u00e2teau fort subsistent (1458). Cette ruine culmine au dessus de la belle <b>vall\u00e9e de la Benaize. <\/b>Tant\u00f4t rivi\u00e8re \u00e0 truites, tant\u00f4t torrent, La Benaize fait entendre le bruit de ses flos rapides.<\/em><\/p>\n<p class=\"p1\"><em>Le romantisme du XIX\u00e8me si\u00e8cle s&rsquo;exprime ici, dans un cadre charg\u00e9 d&rsquo;histoires locales. L&rsquo;endroit rappelle aussi <b>Nohant<\/b> et la grande Dame, <b>Georges Sand<\/b> qui demeurait non loin.<\/em><\/p>\n<p>&nbsp;<\/p>\n<p class=\"p1\"><em>Du ch\u00e2teau, le parc semble dessiner un \u00ab\u00a0V\u00a0\u00bb comme si le ch\u00e2teau commandait au parc.<\/em><\/p>\n<p>&nbsp;<\/p>\n<p class=\"p1\"><em>La visite se poursuit vers les \u00e9curies (1850) l\u00e9g\u00e8rement cach\u00e9es de la vue. Le long du parcours, les all\u00e9es montrent quelques petits vestiges du pass\u00e9 (pierre grav\u00e9e, petite embrasure de porte en pierre). Ensuite, la visite se poursuit sur les terrasses donnant vue sur l&rsquo;\u00e9tang de <b>Las-Croux.<\/b><\/em><\/p>\n<p>[\/vc_column_text][vc_empty_space height=\u00a0\u00bb12px\u00a0\u00bb][vc_separator type=\u00a0\u00bbsmall\u00a0\u00bb position=\u00a0\u00bbleft\u00a0\u00bb color=\u00a0\u00bb#000000&Prime; transparency=\u00a0\u00bb1&Prime; thickness=\u00a0\u00bb1&Prime; width=\u00a0\u00bb91&Prime;][vc_empty_space height=\u00a0\u00bb15px\u00a0\u00bb][vc_column_text]<\/p>\n<h1>Pique-nique 19\u00e8me si\u00e8cle<\/h1>\n<p>[\/vc_column_text][vc_empty_space height=\u00a0\u00bb12px\u00a0\u00bb][vc_separator type=\u00a0\u00bbsmall\u00a0\u00bb position=\u00a0\u00bbleft\u00a0\u00bb color=\u00a0\u00bb#000000&Prime; transparency=\u00a0\u00bb1&Prime; thickness=\u00a0\u00bb1&Prime; width=\u00a0\u00bb91&Prime;][vc_empty_space height=\u00a0\u00bb15px\u00a0\u00bb][vc_column_text]<em>Pique nique XIX\u00e8me si\u00e8cle les <strong>19 juillet et le 10 ao\u00fbt de 12h30 \u00e0 14h30.<\/strong><\/em><\/p>\n<p>&nbsp;<\/p>\n<p><em>Le parc sera ouvert exclusivement pour tous les participants ayant r\u00e9serv\u00e9 au pr\u00e9alable et qui auront r\u00e9gl\u00e9 leur entr\u00e9e pour le pique nique 19\u00e8me si\u00e8cle.<\/em><\/p>\n<p>&nbsp;<\/p>\n<p><em>Chacun vient avec son propre pique-nique et choisira l&#8217;emplacement qui lui convient selon le moment de son arriv\u00e9e et de son r\u00e8glement.<\/em><\/p>\n<p><em>Nous conseillons \u00e0 nos visiteurs de ne pas exc\u00e9der le nombre de 8 personnes par groupe, mais plusieurs groupes peuvent venir.<\/em><\/p>\n<p>&nbsp;<\/p>\n<p><em>Proposition d&rsquo;un th\u00e8me vestimentaire : 19\u00e8me si\u00e8cle.<\/em><\/p>\n<p><em>Celui-ci est \u00e9videmment libre et au choix : soit un canotier, un chapeau melon, une canne en bambou, une blouse limousine, un \u00e9ventail, une jupe, une robe, une veste, un costume, un tablier, des sabots, une veste de petit marin pour enfant&#8230;peut suffire. Le choix est large !<\/em><\/p>\n<p>&nbsp;<\/p>\n<p><em>Durant le pique-nique, les visites sont suspendues \u00e0 partir de 12h30 et reprennent \u00e0 partir de 14h30. Le parc \u00e9tant r\u00e9serv\u00e9 aux seuls participants ayant r\u00e9gl\u00e9 leur place pour le pique-nique, nous en fermerons les grilles de 12h30 \u00e0 14h30.<\/em><\/p>\n<p>&nbsp;<\/p>\n<p><em>Il est \u00e9vident que le parc sera r\u00e9serv\u00e9 essentiellement pour b\u00e9n\u00e9ficier de ces heures au calme, chacun avec son pique-nique et sans bruit autre que celui des oiseaux; aucun animal domestique n&rsquo;est autoris\u00e9 m\u00eame tenus en laisse, ni jeux de balle, ni jeux de quilles (m\u00f6lkky) ou autres de quelle que sorte que ce soit, ni jeux t\u00e9l\u00e9command\u00e9s, ni musique. Les v\u00e9los sont interdits. <\/em><em>Cela nuirait au bon d\u00e9roulement du pique-nique.<\/em>[\/vc_column_text][vc_empty_space height=\u00a0\u00bb12px\u00a0\u00bb][vc_separator type=\u00a0\u00bbsmall\u00a0\u00bb position=\u00a0\u00bbleft\u00a0\u00bb color=\u00a0\u00bb#000000&Prime; transparency=\u00a0\u00bb1&Prime; thickness=\u00a0\u00bb1&Prime; width=\u00a0\u00bb91&Prime;][vc_empty_space height=\u00a0\u00bb15px\u00a0\u00bb][\/vc_column][\/vc_row]<\/p>\n","protected":false},"excerpt":{"rendered":"<p>[vc_row css_animation=\u00a0\u00bb\u00a0\u00bb row_type=\u00a0\u00bbrow\u00a0\u00bb use_row_as_full_screen_section=\u00a0\u00bbno\u00a0\u00bb type=\u00a0\u00bbgrid\u00a0\u00bb angled_section=\u00a0\u00bbno\u00a0\u00bb text_align=\u00a0\u00bbleft\u00a0\u00bb background_image_as_pattern=\u00a0\u00bbwithout_pattern\u00a0\u00bb z_index=\u00a0\u00bb\u00a0\u00bb css=\u00a0\u00bb.vc_custom_1583761724885{padding-top: 92px !important;}\u00a0\u00bb][vc_column offset=\u00a0\u00bbvc_col-lg-4 vc_col-md-12&Prime;][vc_single_image image=\u00a0\u00bb378&Prime; img_size=\u00a0\u00bbfull\u00a0\u00bb qode_css_animation=\u00a0\u00bb\u00a0\u00bb][\/vc_column][vc_column offset=\u00a0\u00bbvc_col-lg-4 vc_col-md-12&Prime;][vc_empty_space height=\u00a0\u00bb40px\u00a0\u00bb][vc_single_image image=\u00a0\u00bb381&Prime; img_size=\u00a0\u00bbfull\u00a0\u00bb qode_css_animation=\u00a0\u00bb\u00a0\u00bb][\/vc_column][vc_column offset=\u00a0\u00bbvc_col-lg-4 vc_col-md-12&Prime;][vc_empty_space height=\u00a0\u00bb92px\u00a0\u00bb][vc_column_text] Dates d&rsquo;ouverture et tarifs [\/vc_column_text][vc_empty_space height=\u00a0\u00bb12px\u00a0\u00bb][vc_separator type=\u00a0\u00bbsmall\u00a0\u00bb position=\u00a0\u00bbleft\u00a0\u00bb color=\u00a0\u00bb#000000&Prime; transparency=\u00a0\u00bb1&Prime; thickness=\u00a0\u00bb1&Prime; width=\u00a0\u00bb91&Prime;][vc_empty_space height=\u00a0\u00bb15px\u00a0\u00bb][vc_column_text] Du 6 juillet 2025 au 15&#8230;<\/p>\n","protected":false},"author":1,"featured_media":0,"parent":0,"menu_order":0,"comment_status":"closed","ping_status":"closed","template":"full_width.php","meta":{"footnotes":""},"class_list":["post-362","page","type-page","status-publish","hentry"],"_links":{"self":[{"href":"https:\/\/las-croux.fr\/index.php?rest_route=\/wp\/v2\/pages\/362","targetHints":{"allow":["GET"]}}],"collection":[{"href":"https:\/\/las-croux.fr\/index.php?rest_route=\/wp\/v2\/pages"}],"about":[{"href":"https:\/\/las-croux.fr\/index.php?rest_route=\/wp\/v2\/types\/page"}],"author":[{"embeddable":true,"href":"https:\/\/las-croux.fr\/index.php?rest_route=\/wp\/v2\/users\/1"}],"replies":[{"embeddable":true,"href":"https:\/\/las-croux.fr\/index.php?rest_route=%2Fwp%2Fv2%2Fcomments&post=362"}],"version-history":[{"count":27,"href":"https:\/\/las-croux.fr\/index.php?rest_route=\/wp\/v2\/pages\/362\/revisions"}],"predecessor-version":[{"id":603,"href":"https:\/\/las-croux.fr\/index.php?rest_route=\/wp\/v2\/pages\/362\/revisions\/603"}],"wp:attachment":[{"href":"https:\/\/las-croux.fr\/index.php?rest_route=%2Fwp%2Fv2%2Fmedia&parent=362"}],"curies":[{"name":"wp","href":"https:\/\/api.w.org\/{rel}","templated":true}]}}