{"id":280,"date":"2020-02-12T09:49:10","date_gmt":"2020-02-12T08:49:10","guid":{"rendered":"http:\/\/las-croux.fr\/?page_id=280"},"modified":"2024-03-20T15:54:20","modified_gmt":"2024-03-20T14:54:20","slug":"accueil","status":"publish","type":"page","link":"https:\/\/las-croux.fr\/","title":{"rendered":"Accueil"},"content":{"rendered":"<p>[vc_row css_animation=\u00a0\u00bb\u00a0\u00bb row_type=\u00a0\u00bbrow\u00a0\u00bb use_row_as_full_screen_section=\u00a0\u00bbno\u00a0\u00bb type=\u00a0\u00bbfull_width\u00a0\u00bb angled_section=\u00a0\u00bbno\u00a0\u00bb text_align=\u00a0\u00bbleft\u00a0\u00bb background_image_as_pattern=\u00a0\u00bbwithout_pattern\u00a0\u00bb][vc_column][vc_column_text][\/vc_column_text][vc_empty_space height=\u00a0\u00bb10px\u00a0\u00bb][\/vc_column][\/vc_row][vc_row css_animation=\u00a0\u00bb\u00a0\u00bb row_type=\u00a0\u00bbrow\u00a0\u00bb use_row_as_full_screen_section=\u00a0\u00bbno\u00a0\u00bb type=\u00a0\u00bbfull_width\u00a0\u00bb angled_section=\u00a0\u00bbno\u00a0\u00bb text_align=\u00a0\u00bbleft\u00a0\u00bb background_image_as_pattern=\u00a0\u00bbwithout_pattern\u00a0\u00bb z_index=\u00a0\u00bb\u00a0\u00bb][vc_column width=\u00a0\u00bb2\/3&Prime;][vc_single_image image=\u00a0\u00bb290&Prime; img_size=\u00a0\u00bblarge\u00a0\u00bb qode_css_animation=\u00a0\u00bb\u00a0\u00bb][\/vc_column][vc_column width=\u00a0\u00bb1\/3&Prime;][vc_column_text]<\/p>\n<h1>Le parc<br \/>\ndu ch\u00e2teau<\/h1>\n<p>[\/vc_column_text][vc_empty_space height=\u00a0\u00bb8&Prime;][vc_separator type=\u00a0\u00bbsmall\u00a0\u00bb position=\u00a0\u00bbleft\u00a0\u00bb color=\u00a0\u00bb#487682&Prime; transparency=\u00a0\u00bb1&Prime; thickness=\u00a0\u00bb2&Prime; width=\u00a0\u00bb91&Prime;][vc_empty_space height=\u00a0\u00bb10&Prime;][vc_column_text]<em>Le parc et le ch\u00e2teau sont inscrits aux Monuments Historiques.<\/em><\/p>\n<p>&nbsp;<\/p>\n<p><em>Le parc est ouvert \u00e0 la visite ainsi qu&rsquo;une partie du ch\u00e2teau et de ses \u00e9curies (voir conditions).<\/em><\/p>\n<p>&nbsp;<\/p>\n<p><em>Le ch\u00e2teau actuel et le parc ont \u00e9t\u00e9 cr\u00e9\u00e9s au XIX\u00e8me si\u00e8cle sur un site rocheux o\u00f9 dominent encore les ruines de l&rsquo;ancien ch\u00e2teau fort du XV\u00e8me si\u00e8cle.<\/em><\/p>\n<p>&nbsp;<\/p>\n<p><em>A l&rsquo;endroit de ces ruines, la vue sur la vall\u00e9e est d\u00e9gag\u00e9e; gr\u00e2ce aux marches de pierres, il est possible de descendre jusqu&rsquo;\u00e0 la rivi\u00e8re La Benaize.<\/em><\/p>\n<p>&nbsp;<\/p>\n<p><em>Sur 5 hectares s&rsquo;\u00e9tendent le parc et ses all\u00e9es; celui-ci comprend deux grandes pelouses bord\u00e9es de vieux arbres (certains centenaires), d&rsquo;all\u00e9es ombrag\u00e9es et d&rsquo;autres partant dans les sous-bois.<\/em><\/p>\n<p>&nbsp;<\/p>\n<p><em>Au sein du parc, ont \u00e9t\u00e9 \u00e9difi\u00e9s plusieurs b\u00e2timents tels que les \u00e9curies, une orangerie avec sa serre, un pavillon n\u00e9o-classique et le ch\u00e2teau du XIX\u00e8me si\u00e8cle. <\/em><\/p>\n<p>&nbsp;<\/p>\n<p><em>En aval au fond du parc, un vieil \u00e9tang de 5 hectares accueille promeneurs et p\u00eacheurs (payants).<\/em>[\/vc_column_text][vc_empty_space height=\u00a0\u00bb15px\u00a0\u00bb][\/vc_column][\/vc_row][vc_row css_animation=\u00a0\u00bb\u00a0\u00bb row_type=\u00a0\u00bbrow\u00a0\u00bb use_row_as_full_screen_section=\u00a0\u00bbno\u00a0\u00bb type=\u00a0\u00bbfull_width\u00a0\u00bb angled_section=\u00a0\u00bbno\u00a0\u00bb text_align=\u00a0\u00bbleft\u00a0\u00bb background_image_as_pattern=\u00a0\u00bbwithout_pattern\u00a0\u00bb][vc_column][vc_empty_space height=\u00a0\u00bb45px\u00a0\u00bb][\/vc_column][\/vc_row][vc_row css_animation=\u00a0\u00bb\u00a0\u00bb row_type=\u00a0\u00bbrow\u00a0\u00bb use_row_as_full_screen_section=\u00a0\u00bbno\u00a0\u00bb type=\u00a0\u00bbfull_width\u00a0\u00bb angled_section=\u00a0\u00bbno\u00a0\u00bb text_align=\u00a0\u00bbleft\u00a0\u00bb background_image_as_pattern=\u00a0\u00bbwithout_pattern\u00a0\u00bb][vc_column][vc_empty_space height=\u00a0\u00bb72px\u00a0\u00bb][\/vc_column][\/vc_row]<\/p>\n","protected":false},"excerpt":{"rendered":"<p>[vc_row css_animation=\u00a0\u00bb\u00a0\u00bb row_type=\u00a0\u00bbrow\u00a0\u00bb use_row_as_full_screen_section=\u00a0\u00bbno\u00a0\u00bb type=\u00a0\u00bbfull_width\u00a0\u00bb angled_section=\u00a0\u00bbno\u00a0\u00bb text_align=\u00a0\u00bbleft\u00a0\u00bb background_image_as_pattern=\u00a0\u00bbwithout_pattern\u00a0\u00bb][vc_column][vc_column_text][\/vc_column_text][vc_empty_space height=\u00a0\u00bb10px\u00a0\u00bb][\/vc_column][\/vc_row][vc_row css_animation=\u00a0\u00bb\u00a0\u00bb row_type=\u00a0\u00bbrow\u00a0\u00bb use_row_as_full_screen_section=\u00a0\u00bbno\u00a0\u00bb type=\u00a0\u00bbfull_width\u00a0\u00bb angled_section=\u00a0\u00bbno\u00a0\u00bb text_align=\u00a0\u00bbleft\u00a0\u00bb background_image_as_pattern=\u00a0\u00bbwithout_pattern\u00a0\u00bb z_index=\u00a0\u00bb\u00a0\u00bb][vc_column width=\u00a0\u00bb2\/3&Prime;][vc_single_image image=\u00a0\u00bb290&Prime; img_size=\u00a0\u00bblarge\u00a0\u00bb qode_css_animation=\u00a0\u00bb\u00a0\u00bb][\/vc_column][vc_column width=\u00a0\u00bb1\/3&Prime;][vc_column_text] Le parc du ch\u00e2teau [\/vc_column_text][vc_empty_space height=\u00a0\u00bb8&Prime;][vc_separator type=\u00a0\u00bbsmall\u00a0\u00bb position=\u00a0\u00bbleft\u00a0\u00bb color=\u00a0\u00bb#487682&Prime; transparency=\u00a0\u00bb1&Prime; thickness=\u00a0\u00bb2&Prime; width=\u00a0\u00bb91&Prime;][vc_empty_space height=\u00a0\u00bb10&Prime;][vc_column_text]Le parc et le ch\u00e2teau sont inscrits aux Monuments Historiques. &nbsp;&#8230;<\/p>\n","protected":false},"author":1,"featured_media":0,"parent":0,"menu_order":0,"comment_status":"closed","ping_status":"closed","template":"","meta":{"footnotes":""},"class_list":["post-280","page","type-page","status-publish","hentry"],"_links":{"self":[{"href":"https:\/\/las-croux.fr\/index.php?rest_route=\/wp\/v2\/pages\/280","targetHints":{"allow":["GET"]}}],"collection":[{"href":"https:\/\/las-croux.fr\/index.php?rest_route=\/wp\/v2\/pages"}],"about":[{"href":"https:\/\/las-croux.fr\/index.php?rest_route=\/wp\/v2\/types\/page"}],"author":[{"embeddable":true,"href":"https:\/\/las-croux.fr\/index.php?rest_route=\/wp\/v2\/users\/1"}],"replies":[{"embeddable":true,"href":"https:\/\/las-croux.fr\/index.php?rest_route=%2Fwp%2Fv2%2Fcomments&post=280"}],"version-history":[{"count":3,"href":"https:\/\/las-croux.fr\/index.php?rest_route=\/wp\/v2\/pages\/280\/revisions"}],"predecessor-version":[{"id":592,"href":"https:\/\/las-croux.fr\/index.php?rest_route=\/wp\/v2\/pages\/280\/revisions\/592"}],"wp:attachment":[{"href":"https:\/\/las-croux.fr\/index.php?rest_route=%2Fwp%2Fv2%2Fmedia&parent=280"}],"curies":[{"name":"wp","href":"https:\/\/api.w.org\/{rel}","templated":true}]}}