{"id":130,"date":"2017-12-06T11:40:58","date_gmt":"2017-12-06T10:40:58","guid":{"rendered":"http:\/\/bridge123.qodeinteractive.com\/?page_id=130"},"modified":"2020-03-12T11:59:11","modified_gmt":"2020-03-12T10:59:11","slug":"histoire","status":"publish","type":"page","link":"https:\/\/las-croux.fr\/?page_id=130","title":{"rendered":"Histoire"},"content":{"rendered":"<p>[vc_row css_animation=\u00a0\u00bb\u00a0\u00bb row_type=\u00a0\u00bbrow\u00a0\u00bb use_row_as_full_screen_section=\u00a0\u00bbno\u00a0\u00bb type=\u00a0\u00bbgrid\u00a0\u00bb angled_section=\u00a0\u00bbno\u00a0\u00bb text_align=\u00a0\u00bbleft\u00a0\u00bb background_image_as_pattern=\u00a0\u00bbwithout_pattern\u00a0\u00bb z_index=\u00a0\u00bb\u00a0\u00bb css=\u00a0\u00bb.vc_custom_1583857657073{padding-top: 66px !important;}\u00a0\u00bb][vc_column offset=\u00a0\u00bbvc_col-lg-6 vc_col-md-6&Prime;][qode_elements_holder number_of_columns=\u00a0\u00bbone_column\u00a0\u00bb][qode_elements_holder_item advanced_animations=\u00a0\u00bbno\u00a0\u00bb item_padding=\u00a0\u00bb79px 14% 0 0&Prime; item_padding_1024_1280=\u00a0\u00bb86px 9% 0 0&Prime; item_padding_768_1024=\u00a0\u00bb0px 0% 0 0&Prime; item_padding_600_768=\u00a0\u00bb0px 0% 57px 0&Prime; item_padding_480=\u00a0\u00bb0 0 47px 0px\u00a0\u00bb][vc_column_text]<\/p>\n<h1>Avant le ch\u00e2teau Las-Croux<\/h1>\n<p>[\/vc_column_text][vc_empty_space height=\u00a0\u00bb8px\u00a0\u00bb][vc_separator type=\u00a0\u00bbsmall\u00a0\u00bb position=\u00a0\u00bbleft\u00a0\u00bb color=\u00a0\u00bb#000000&Prime; transparency=\u00a0\u00bb1&Prime; thickness=\u00a0\u00bb1&Prime; width=\u00a0\u00bb91&Prime;][vc_empty_space height=\u00a0\u00bb20px\u00a0\u00bb][vc_column_text]<\/p>\n<p class=\"p1\"><em>La chatellenie de Mondon comprenait <strong>6 chastels et 6 paroisses<\/strong> :\u00a0<\/em><em>Mondon et la paroisse de Cromac, Pi\u00e9gut et la paroisse de Saint Sulpice, La Tour Saint Vaulry et la paroisse des Ch\u00e9zaux, Soulignac et la paroisse de Saint Georges les Landes, Oreix et la paroisse d&rsquo;Arnac, la Vau (la Vau-Pot) et la paroisse de Mailhac.<\/em><\/p>\n<p class=\"p1\"><em>En 1368, le ch\u00e2teau de Brosse et la Terre aux Feuilles sont ravag\u00e9s par les anglais.<\/em><\/p>\n<p>&nbsp;<\/p>\n<p class=\"p1\"><em>En 1453, la guerre de 100 ans prend fin\u00a0, <b>Charles VII est roi de France.<\/b><\/em><\/p>\n<p class=\"p1\"><em>En 1457, La Vau-Pot se rattache \u00e0 la paroisse de Saint Sulpice-les-Feuilles laissant \u00e0 Mondon la paroisse de Mailhac-sur-Benaize.<\/em><\/p>\n<p>&nbsp;<\/p>\n<p class=\"p1\"><em>D\u00e8s lors, <b>la paroisse de Cromac n&rsquo;est plus sous aucune chatellenie.<\/b><\/em><\/p>\n<p>[\/vc_column_text][\/qode_elements_holder_item][\/qode_elements_holder][\/vc_column][vc_column offset=\u00a0\u00bbvc_col-lg-6 vc_col-md-6&Prime;][vc_single_image image=\u00a0\u00bb502&Prime; img_size=\u00a0\u00bbfull\u00a0\u00bb qode_css_animation=\u00a0\u00bb\u00a0\u00bb][\/vc_column][\/vc_row][vc_row css_animation=\u00a0\u00bb\u00a0\u00bb row_type=\u00a0\u00bbrow\u00a0\u00bb use_row_as_full_screen_section=\u00a0\u00bbno\u00a0\u00bb type=\u00a0\u00bbgrid\u00a0\u00bb angled_section=\u00a0\u00bbno\u00a0\u00bb text_align=\u00a0\u00bbleft\u00a0\u00bb background_image_as_pattern=\u00a0\u00bbwithout_pattern\u00a0\u00bb z_index=\u00a0\u00bb\u00a0\u00bb css=\u00a0\u00bb.vc_custom_1583857657073{padding-top: 66px !important;}\u00a0\u00bb][vc_column offset=\u00a0\u00bbvc_col-lg-6 vc_col-md-6&Prime;][vc_single_image image=\u00a0\u00bb398&Prime; img_size=\u00a0\u00bbfull\u00a0\u00bb qode_css_animation=\u00a0\u00bb\u00a0\u00bb][\/vc_column][vc_column offset=\u00a0\u00bbvc_col-lg-6 vc_col-md-6&Prime;][qode_elements_holder number_of_columns=\u00a0\u00bbone_column\u00a0\u00bb][qode_elements_holder_item advanced_animations=\u00a0\u00bbno\u00a0\u00bb item_padding=\u00a0\u00bb79px 0 0 8%\u00a0\u00bb item_padding_1024_1280=\u00a0\u00bb86px 9% 0 0&Prime; item_padding_768_1024=\u00a0\u00bb0px 0% 0 0&Prime; item_padding_600_768=\u00a0\u00bb0px 0% 57px 0&Prime; item_padding_480=\u00a0\u00bb0 0 47px 0px\u00a0\u00bb][vc_column_text]<\/p>\n<h1>La ch\u00e2teau et la paroisse de Cromac<\/h1>\n<p>[\/vc_column_text][vc_empty_space height=\u00a0\u00bb8px\u00a0\u00bb][vc_separator type=\u00a0\u00bbsmall\u00a0\u00bb position=\u00a0\u00bbleft\u00a0\u00bb color=\u00a0\u00bb#000000&Prime; transparency=\u00a0\u00bb1&Prime; thickness=\u00a0\u00bb1&Prime; width=\u00a0\u00bb91&Prime;][vc_empty_space height=\u00a0\u00bb20px\u00a0\u00bb][vc_column_text]<\/p>\n<p class=\"p1\"><em>Le ch\u00e2teau se construit pr\u00e8s du petit hameau de la Grand Croux (aujourd&rsquo;hui, appel\u00e9 Las-Croux). <\/em><em>Le chastel de Las-Croux est \u00ab \u00e9lev\u00e9 \u00bb apr\u00e8s le 28 juin 1457 et est d&rsquo;abord \u00ab sous fief \u00bb de Mondon avant de d\u00e9pendre du vicomt\u00e9 de Brosse. <\/em><\/p>\n<p class=\"p1\"><em>La paroisse de Cromac est rattach\u00e9e au chastel de Las-Croux et le blason du seigneur sera mis au fronton <\/em><em>N\u00e9rign\u00e9 (ou Nigon) de La Barde est le Seigneur. Sa femme, <strong>Henriette du Plessis,<\/strong> est la fille de l&rsquo;\u00e9chanson de l&rsquo;ancien roi de France <strong>Charles VI<\/strong> (le \u00ab <strong>roi fou<\/strong> \u00bb).<\/em><\/p>\n<p>&nbsp;<\/p>\n<p class=\"p1\"><em>D&rsquo;autres constructions se font dans la r\u00e9gion\u00a0: la Goutte Bernard (1472) et La Vau (reconstruit en 1486).<\/em><\/p>\n<p>[\/vc_column_text][\/qode_elements_holder_item][\/qode_elements_holder][\/vc_column][\/vc_row][vc_row css_animation=\u00a0\u00bb\u00a0\u00bb row_type=\u00a0\u00bbrow\u00a0\u00bb use_row_as_full_screen_section=\u00a0\u00bbno\u00a0\u00bb type=\u00a0\u00bbfull_width\u00a0\u00bb angled_section=\u00a0\u00bbno\u00a0\u00bb text_align=\u00a0\u00bbleft\u00a0\u00bb background_image_as_pattern=\u00a0\u00bbwithout_pattern\u00a0\u00bb][vc_column][vc_empty_space height=\u00a0\u00bb82px\u00a0\u00bb][\/vc_column][\/vc_row]<\/p>\n","protected":false},"excerpt":{"rendered":"<p>[vc_row css_animation=\u00a0\u00bb\u00a0\u00bb row_type=\u00a0\u00bbrow\u00a0\u00bb use_row_as_full_screen_section=\u00a0\u00bbno\u00a0\u00bb type=\u00a0\u00bbgrid\u00a0\u00bb angled_section=\u00a0\u00bbno\u00a0\u00bb text_align=\u00a0\u00bbleft\u00a0\u00bb background_image_as_pattern=\u00a0\u00bbwithout_pattern\u00a0\u00bb z_index=\u00a0\u00bb\u00a0\u00bb css=\u00a0\u00bb.vc_custom_1583857657073{padding-top: 66px !important;}\u00a0\u00bb][vc_column offset=\u00a0\u00bbvc_col-lg-6 vc_col-md-6&Prime;][qode_elements_holder number_of_columns=\u00a0\u00bbone_column\u00a0\u00bb][qode_elements_holder_item advanced_animations=\u00a0\u00bbno\u00a0\u00bb item_padding=\u00a0\u00bb79px 14% 0 0&Prime; item_padding_1024_1280=\u00a0\u00bb86px 9% 0 0&Prime; item_padding_768_1024=\u00a0\u00bb0px 0% 0 0&Prime; item_padding_600_768=\u00a0\u00bb0px 0% 57px 0&Prime; item_padding_480=\u00a0\u00bb0 0 47px 0px\u00a0\u00bb][vc_column_text] Avant le ch\u00e2teau Las-Croux [\/vc_column_text][vc_empty_space height=\u00a0\u00bb8px\u00a0\u00bb][vc_separator type=\u00a0\u00bbsmall\u00a0\u00bb position=\u00a0\u00bbleft\u00a0\u00bb color=\u00a0\u00bb#000000&Prime;&#8230;<\/p>\n","protected":false},"author":1,"featured_media":0,"parent":0,"menu_order":0,"comment_status":"closed","ping_status":"closed","template":"","meta":{"footnotes":""},"class_list":["post-130","page","type-page","status-publish","hentry"],"_links":{"self":[{"href":"https:\/\/las-croux.fr\/index.php?rest_route=\/wp\/v2\/pages\/130","targetHints":{"allow":["GET"]}}],"collection":[{"href":"https:\/\/las-croux.fr\/index.php?rest_route=\/wp\/v2\/pages"}],"about":[{"href":"https:\/\/las-croux.fr\/index.php?rest_route=\/wp\/v2\/types\/page"}],"author":[{"embeddable":true,"href":"https:\/\/las-croux.fr\/index.php?rest_route=\/wp\/v2\/users\/1"}],"replies":[{"embeddable":true,"href":"https:\/\/las-croux.fr\/index.php?rest_route=%2Fwp%2Fv2%2Fcomments&post=130"}],"version-history":[{"count":0,"href":"https:\/\/las-croux.fr\/index.php?rest_route=\/wp\/v2\/pages\/130\/revisions"}],"wp:attachment":[{"href":"https:\/\/las-croux.fr\/index.php?rest_route=%2Fwp%2Fv2%2Fmedia&parent=130"}],"curies":[{"name":"wp","href":"https:\/\/api.w.org\/{rel}","templated":true}]}}